{"id":1389,"date":"2021-02-04T14:48:51","date_gmt":"2021-02-04T17:48:51","guid":{"rendered":"https:\/\/controllercontabilidadego.com.br\/?page_id=1389"},"modified":"2021-02-09T18:05:05","modified_gmt":"2021-02-09T21:05:05","slug":"blog-controller","status":"publish","type":"page","link":"https:\/\/controllercontabilidadego.com.br\/index.php\/blog-controller\/","title":{"rendered":""},"content":{"rendered":"\t\t<div data-elementor-type=\"wp-page\" data-elementor-id=\"1389\" class=\"elementor elementor-1389\" data-elementor-settings=\"[]\">\n\t\t\t\t\t\t\t<div class=\"elementor-section-wrap\">\n\t\t\t\t\t\t\t<section class=\"elementor-section elementor-top-section elementor-element elementor-element-47627e8e elementor-section-height-min-height elementor-section-content-middle elementor-section-boxed elementor-section-height-default elementor-section-items-middle\" data-id=\"47627e8e\" data-element_type=\"section\" data-settings=\"{&quot;background_background&quot;:&quot;classic&quot;,&quot;shape_divider_top&quot;:&quot;opacity-tilt&quot;,&quot;shape_divider_bottom&quot;:&quot;opacity-tilt&quot;}\">\n\t\t\t\t\t\t\t<div class=\"elementor-background-overlay\"><\/div>\n\t\t\t\t\t\t<div class=\"elementor-shape elementor-shape-top\" data-negative=\"false\">\n\t\t\t<svg xmlns=\"http:\/\/www.w3.org\/2000\/svg\" viewBox=\"0 0 2600 131.1\" preserveAspectRatio=\"none\">\n\t<path class=\"elementor-shape-fill\" d=\"M0 0L2600 0 2600 69.1 0 0z\"\/>\n\t<path class=\"elementor-shape-fill\" style=\"opacity:0.5\" d=\"M0 0L2600 0 2600 69.1 0 69.1z\"\/>\n\t<path class=\"elementor-shape-fill\" style=\"opacity:0.25\" d=\"M2600 0L0 0 0 130.1 2600 69.1z\"\/>\n<\/svg>\t\t<\/div>\n\t\t\t\t<div class=\"elementor-shape elementor-shape-bottom\" data-negative=\"false\">\n\t\t\t<svg xmlns=\"http:\/\/www.w3.org\/2000\/svg\" viewBox=\"0 0 2600 131.1\" preserveAspectRatio=\"none\">\n\t<path class=\"elementor-shape-fill\" d=\"M0 0L2600 0 2600 69.1 0 0z\"\/>\n\t<path class=\"elementor-shape-fill\" style=\"opacity:0.5\" d=\"M0 0L2600 0 2600 69.1 0 69.1z\"\/>\n\t<path class=\"elementor-shape-fill\" style=\"opacity:0.25\" d=\"M2600 0L0 0 0 130.1 2600 69.1z\"\/>\n<\/svg>\t\t<\/div>\n\t\t\t\t\t<div class=\"elementor-container elementor-column-gap-default\">\n\t\t\t\t\t<div class=\"elementor-column elementor-col-100 elementor-top-column elementor-element elementor-element-6cfba4\" data-id=\"6cfba4\" data-element_type=\"column\">\n\t\t\t<div class=\"elementor-widget-wrap elementor-element-populated\">\n\t\t\t\t\t\t\t\t<div class=\"elementor-element elementor-element-1e6abd0 elementor-widget elementor-widget-heading\" data-id=\"1e6abd0\" data-element_type=\"widget\" data-widget_type=\"heading.default\">\n\t\t\t\t<div class=\"elementor-widget-container\">\n\t\t\t<h1 class=\"elementor-heading-title elementor-size-default\">BLOG CONTROLLER <\/h1>\t\t<\/div>\n\t\t\t\t<\/div>\n\t\t\t\t\t<\/div>\n\t\t<\/div>\n\t\t\t\t\t\t\t<\/div>\n\t\t<\/section>\n\t\t\t\t<section class=\"elementor-section elementor-top-section elementor-element elementor-element-3d7d757e elementor-section-content-middle elementor-section-boxed elementor-section-height-default elementor-section-height-default\" data-id=\"3d7d757e\" data-element_type=\"section\">\n\t\t\t\t\t\t<div class=\"elementor-container elementor-column-gap-no\">\n\t\t\t\t\t<div class=\"elementor-column elementor-col-100 elementor-top-column elementor-element elementor-element-7eb3801f\" data-id=\"7eb3801f\" data-element_type=\"column\">\n\t\t\t<div class=\"elementor-widget-wrap elementor-element-populated\">\n\t\t\t\t\t\t\t\t<div class=\"elementor-element elementor-element-3f84fbe5 elementor-widget elementor-widget-heading\" data-id=\"3f84fbe5\" data-element_type=\"widget\" data-widget_type=\"heading.default\">\n\t\t\t\t<div class=\"elementor-widget-container\">\n\t\t\t<h4 class=\"elementor-heading-title elementor-size-default\">J\u00c1 NOS SEGUE NO INSTAGRAM? <\/h4>\t\t<\/div>\n\t\t\t\t<\/div>\n\t\t\t\t<div class=\"elementor-element elementor-element-4daeb8ac elementor-widget elementor-widget-text-editor\" data-id=\"4daeb8ac\" data-element_type=\"widget\" data-widget_type=\"text-editor.default\">\n\t\t\t\t<div class=\"elementor-widget-container\">\n\t\t\t\t\t\t\t\t<p>SEMPRE ESTAMOS CONECTADO COM VOC\u00caS TRAZENDO INFORMA\u00c7\u00d5ES E CONTE\u00daDOS PARA AGREGAR AI NO SEU NEG\u00d3CIO, VAI L\u00c1 CONFERIR!<\/p>\t\t\t\t\t\t<\/div>\n\t\t\t\t<\/div>\n\t\t\t\t<div class=\"elementor-element elementor-element-51345f19 elementor-align-center elementor-widget elementor-widget-button\" data-id=\"51345f19\" data-element_type=\"widget\" data-widget_type=\"button.default\">\n\t\t\t\t<div class=\"elementor-widget-container\">\n\t\t\t\t\t<div class=\"elementor-button-wrapper\">\n\t\t\t<a href=\"https:\/\/www.instagram.com\/controllercontabilidadego\/\" class=\"elementor-button-link elementor-button elementor-size-sm elementor-animation-grow\" role=\"button\">\n\t\t\t\t\t\t<span class=\"elementor-button-content-wrapper\">\n\t\t\t\t\t\t<span class=\"elementor-button-text\">VER INSTAGRAM<\/span>\n\t\t<\/span>\n\t\t\t\t\t<\/a>\n\t\t<\/div>\n\t\t\t\t<\/div>\n\t\t\t\t<\/div>\n\t\t\t\t\t<\/div>\n\t\t<\/div>\n\t\t\t\t\t\t\t<\/div>\n\t\t<\/section>\n\t\t\t\t<section class=\"elementor-section elementor-top-section elementor-element elementor-element-a7f97c6 elementor-section-boxed elementor-section-height-default elementor-section-height-default\" data-id=\"a7f97c6\" data-element_type=\"section\">\n\t\t\t\t\t\t<div class=\"elementor-container elementor-column-gap-default\">\n\t\t\t\t\t<div class=\"elementor-column elementor-col-100 elementor-top-column elementor-element elementor-element-a591236\" data-id=\"a591236\" data-element_type=\"column\">\n\t\t\t<div class=\"elementor-widget-wrap elementor-element-populated\">\n\t\t\t\t\t\t\t\t<div class=\"elementor-element elementor-element-01de500 elementor-widget elementor-widget-image\" data-id=\"01de500\" data-element_type=\"widget\" data-widget_type=\"image.default\">\n\t\t\t\t<div class=\"elementor-widget-container\">\n\t\t\t\t\t\t\t\t\t\t\t\t\t\t\t<img width=\"800\" height=\"519\" src=\"https:\/\/controllercontabilidadego.com.br\/wp-content\/uploads\/2021\/02\/noticia.jpg\" class=\"attachment-large size-large\" alt=\"\" loading=\"lazy\" srcset=\"https:\/\/controllercontabilidadego.com.br\/wp-content\/uploads\/2021\/02\/noticia.jpg 800w, https:\/\/controllercontabilidadego.com.br\/wp-content\/uploads\/2021\/02\/noticia-300x195.jpg 300w, https:\/\/controllercontabilidadego.com.br\/wp-content\/uploads\/2021\/02\/noticia-768x498.jpg 768w\" sizes=\"(max-width: 800px) 100vw, 800px\" \/>\t\t\t\t\t\t\t\t\t\t\t\t\t\t\t<\/div>\n\t\t\t\t<\/div>\n\t\t\t\t\t<\/div>\n\t\t<\/div>\n\t\t\t\t\t\t\t<\/div>\n\t\t<\/section>\n\t\t\t\t<section class=\"elementor-section elementor-top-section elementor-element elementor-element-88de414 elementor-section-boxed elementor-section-height-default elementor-section-height-default\" data-id=\"88de414\" data-element_type=\"section\">\n\t\t\t\t\t\t<div class=\"elementor-container elementor-column-gap-default\">\n\t\t\t\t\t<div class=\"elementor-column elementor-col-100 elementor-top-column elementor-element elementor-element-d8ef197\" data-id=\"d8ef197\" data-element_type=\"column\">\n\t\t\t<div class=\"elementor-widget-wrap elementor-element-populated\">\n\t\t\t\t\t\t\t\t\t<\/div>\n\t\t<\/div>\n\t\t\t\t\t\t\t<\/div>\n\t\t<\/section>\n\t\t\t\t<section class=\"elementor-section elementor-top-section elementor-element elementor-element-9905ec0 elementor-section-boxed elementor-section-height-default elementor-section-height-default\" data-id=\"9905ec0\" data-element_type=\"section\">\n\t\t\t\t\t\t<div class=\"elementor-container elementor-column-gap-default\">\n\t\t\t\t\t<div class=\"elementor-column elementor-col-100 elementor-top-column elementor-element elementor-element-ee1f39d\" data-id=\"ee1f39d\" data-element_type=\"column\">\n\t\t\t<div class=\"elementor-widget-wrap elementor-element-populated\">\n\t\t\t\t\t\t\t\t<div class=\"elementor-element elementor-element-cbba537 elementor-widget elementor-widget-heading\" data-id=\"cbba537\" data-element_type=\"widget\" data-widget_type=\"heading.default\">\n\t\t\t\t<div class=\"elementor-widget-container\">\n\t\t\t<h3 class=\"elementor-heading-title elementor-size-default\">O Comit\u00ea Gestor do Simples Nacional ( CGSN ) prorrogou o prazo para pagamento dos tributos apurados pelo Simples Nacional relativos ao per\u00edodo de apura\u00e7\u00e3o janeiro de 2021. A data de vencimento, que originalmente seria 20 de fevereiro de 2021, passa a ser 26 de fevereiro de 2021, conforme Resolu\u00e7\u00e3o do Comit\u00ea Gestor n\u00b0 157, de 28 de janeiro de 2021.<br><br>A decis\u00e3o do Comit\u00ea busca atender aqueles contribuintes que fizerem a op\u00e7\u00e3o pelo Simples Nacional at\u00e9 sexta-feira, 29\/01 ( \u00faltimo dia do prazo ), para quem possam regularizar suas pend\u00eancias a tempo e terem a op\u00e7\u00e3o aprovada. <br><br>Para essas empresas, as pend\u00eancias relativas a d\u00e9bitos fiscais poder\u00e3o ser regularizadas at\u00e9 o dia 15 de fevereiro de 2021. <\/h3>\t\t<\/div>\n\t\t\t\t<\/div>\n\t\t\t\t\t<\/div>\n\t\t<\/div>\n\t\t\t\t\t\t\t<\/div>\n\t\t<\/section>\n\t\t\t\t<section class=\"elementor-section elementor-top-section elementor-element elementor-element-e324082 elementor-section-boxed elementor-section-height-default elementor-section-height-default\" data-id=\"e324082\" data-element_type=\"section\">\n\t\t\t\t\t\t<div class=\"elementor-container elementor-column-gap-default\">\n\t\t\t\t\t<div class=\"elementor-column elementor-col-100 elementor-top-column elementor-element elementor-element-04e6a4f\" data-id=\"04e6a4f\" data-element_type=\"column\">\n\t\t\t<div class=\"elementor-widget-wrap elementor-element-populated\">\n\t\t\t\t\t\t\t\t<div class=\"elementor-element elementor-element-0bd67bd elementor-widget elementor-widget-image\" data-id=\"0bd67bd\" data-element_type=\"widget\" data-widget_type=\"image.default\">\n\t\t\t\t<div class=\"elementor-widget-container\">\n\t\t\t\t\t\t\t\t\t\t\t\t\t\t\t<img width=\"1024\" height=\"1024\" src=\"https:\/\/controllercontabilidadego.com.br\/wp-content\/uploads\/2021\/02\/8c661ebd-38ae-4120-adae-f40b82f2c47a-1024x1024.jpg\" class=\"attachment-large size-large\" alt=\"\" loading=\"lazy\" srcset=\"https:\/\/controllercontabilidadego.com.br\/wp-content\/uploads\/2021\/02\/8c661ebd-38ae-4120-adae-f40b82f2c47a-1024x1024.jpg 1024w, https:\/\/controllercontabilidadego.com.br\/wp-content\/uploads\/2021\/02\/8c661ebd-38ae-4120-adae-f40b82f2c47a-300x300.jpg 300w, https:\/\/controllercontabilidadego.com.br\/wp-content\/uploads\/2021\/02\/8c661ebd-38ae-4120-adae-f40b82f2c47a-150x150.jpg 150w, https:\/\/controllercontabilidadego.com.br\/wp-content\/uploads\/2021\/02\/8c661ebd-38ae-4120-adae-f40b82f2c47a-768x768.jpg 768w, https:\/\/controllercontabilidadego.com.br\/wp-content\/uploads\/2021\/02\/8c661ebd-38ae-4120-adae-f40b82f2c47a-1080x1080.jpg 1080w, https:\/\/controllercontabilidadego.com.br\/wp-content\/uploads\/2021\/02\/8c661ebd-38ae-4120-adae-f40b82f2c47a.jpg 1280w\" sizes=\"(max-width: 1024px) 100vw, 1024px\" \/>\t\t\t\t\t\t\t\t\t\t\t\t\t\t\t<\/div>\n\t\t\t\t<\/div>\n\t\t\t\t\t<\/div>\n\t\t<\/div>\n\t\t\t\t\t\t\t<\/div>\n\t\t<\/section>\n\t\t\t\t<section class=\"elementor-section elementor-top-section elementor-element elementor-element-7ca9376 elementor-section-boxed elementor-section-height-default elementor-section-height-default\" data-id=\"7ca9376\" data-element_type=\"section\">\n\t\t\t\t\t\t<div class=\"elementor-container elementor-column-gap-default\">\n\t\t\t\t\t<div class=\"elementor-column elementor-col-100 elementor-top-column elementor-element elementor-element-ed4ab88\" data-id=\"ed4ab88\" data-element_type=\"column\">\n\t\t\t<div class=\"elementor-widget-wrap elementor-element-populated\">\n\t\t\t\t\t\t\t\t<div class=\"elementor-element elementor-element-ab4cc07 elementor-widget elementor-widget-heading\" data-id=\"ab4cc07\" data-element_type=\"widget\" data-widget_type=\"heading.default\">\n\t\t\t\t<div class=\"elementor-widget-container\">\n\t\t\t<h2 class=\"elementor-heading-title elementor-size-default\">\u27051- Faturamento at\u00e9 81K ( controlar ficando na m\u00e9dia );\n\n\n\u27052- At\u00e9 20%, 16.200,00 = 97,200 = Desenquadramento para  o ano subsequente;\n\n\n\u27053- Exceder os 20% - Desenquadramento retroativo.\n\n\n\u27054- Monitoramento do Controle das suas receitas com vendas do cart\u00e3o de cr\u00e9dito (caso voc\u00ea venda no cart\u00e3o)\n\n\n\u27055- Controlar as entradas na sua conta PJ ( coer\u00eancia com o faturamento do MEI ) \n\n\n\u27056- Fazer o preenchimento do relat\u00f3rio mensal das receitas brutas, anexando as despesas (ver a coer\u00eancia Compras X Vendas - Vendas x Despesas )\n\n\n\ud83d\udce2Para os MicroEmpreendedores que querem garantir a sua seguran\u00e7a e tranquilidade na elabora\u00e7\u00e3o de sua declara\u00e7\u00e3o, recomendamos a contrata\u00e7\u00e3o de um Contador Consultor. A Controller Consultoria possui uma equipe pronta a lhe atender.\n\n\n\ud83d\udcccPrestamos todos os esclarecimentos e cuidamos de toda a elabora\u00e7\u00e3o, transmiss\u00e3o e acompanhamento da sua declara\u00e7\u00e3o, desde as orienta\u00e7\u00f5es iniciais at\u00e9 an\u00e1lise de sua movimenta\u00e7\u00e3o anual com dicas e orienta\u00e7\u00f5es para o ano de 2021.<\/h2>\t\t<\/div>\n\t\t\t\t<\/div>\n\t\t\t\t\t<\/div>\n\t\t<\/div>\n\t\t\t\t\t\t\t<\/div>\n\t\t<\/section>\n\t\t\t\t\t\t<\/div>\n\t\t\t\t\t<\/div>\n\t\t","protected":false},"excerpt":{"rendered":"<p>BLOG CONTROLLER J\u00c1 NOS SEGUE NO INSTAGRAM? SEMPRE ESTAMOS CONECTADO COM VOC\u00caS TRAZENDO INFORMA\u00c7\u00d5ES E CONTE\u00daDOS PARA AGREGAR AI NO SEU NEG\u00d3CIO, VAI L\u00c1 CONFERIR! VER INSTAGRAM O Comit\u00ea Gestor do Simples Nacional ( CGSN ) prorrogou o prazo para pagamento dos tributos apurados pelo Simples Nacional relativos ao per\u00edodo de apura\u00e7\u00e3o janeiro de 2021.&hellip; <br \/> <a class=\"read-more\" href=\"https:\/\/controllercontabilidadego.com.br\/index.php\/blog-controller\/\">Read more<\/a><\/p>\n","protected":false},"author":1,"featured_media":0,"parent":0,"menu_order":0,"comment_status":"closed","ping_status":"closed","template":"","meta":[],"_links":{"self":[{"href":"https:\/\/controllercontabilidadego.com.br\/index.php\/wp-json\/wp\/v2\/pages\/1389"}],"collection":[{"href":"https:\/\/controllercontabilidadego.com.br\/index.php\/wp-json\/wp\/v2\/pages"}],"about":[{"href":"https:\/\/controllercontabilidadego.com.br\/index.php\/wp-json\/wp\/v2\/types\/page"}],"author":[{"embeddable":true,"href":"https:\/\/controllercontabilidadego.com.br\/index.php\/wp-json\/wp\/v2\/users\/1"}],"replies":[{"embeddable":true,"href":"https:\/\/controllercontabilidadego.com.br\/index.php\/wp-json\/wp\/v2\/comments?post=1389"}],"version-history":[{"count":14,"href":"https:\/\/controllercontabilidadego.com.br\/index.php\/wp-json\/wp\/v2\/pages\/1389\/revisions"}],"predecessor-version":[{"id":1416,"href":"https:\/\/controllercontabilidadego.com.br\/index.php\/wp-json\/wp\/v2\/pages\/1389\/revisions\/1416"}],"wp:attachment":[{"href":"https:\/\/controllercontabilidadego.com.br\/index.php\/wp-json\/wp\/v2\/media?parent=1389"}],"curies":[{"name":"wp","href":"https:\/\/api.w.org\/{rel}","templated":true}]}}